{"id":17,"date":"2021-02-16T19:07:22","date_gmt":"2021-02-16T19:07:22","guid":{"rendered":"http:\/\/alexis-suarez.com\/blog\/?page_id=17"},"modified":"2021-02-17T00:51:57","modified_gmt":"2021-02-17T00:51:57","slug":"acerca-del-blog","status":"publish","type":"page","link":"https:\/\/alexis-suarez.com\/blog\/","title":{"rendered":"Acerca del blog&#8230;"},"content":{"rendered":"\n<p style=\"font-size:18px\">Hola soy Alexis, un primate con cerebro superdesarrollado, igual que t\u00fa, viviendo en un entorno regido por conceptos intangibles. <\/p>\n\n\n\n<p style=\"font-size:18px\">En este blog quiero dejar registro escrito de mis ideas, sue\u00f1os y experiencias, dirigir la energ\u00eda de vida que emana a trav\u00e9s de m\u00ed y plasmarla en un medio tangible, en un medio compartido y abierto a todos. <\/p>\n\n\n\n<p style=\"font-size:18px\">Hago esto como una forma de ordenar mis pensamientos, analizarlos y sintetizarlos para ser m\u00e1s consciente de ellos y el universo que conforman. De cierto modo es como trazar un mapa, un mapa mental formado por fragmentos de vida, para conocer e iluminar el terreno..<\/p>\n","protected":false},"excerpt":{"rendered":"<p>Hola soy Alexis, un primate con cerebro superdesarrollado, igual que t\u00fa, viviendo en un entorno regido por conceptos intangibles. En este blog quiero dejar registro escrito de mis ideas, sue\u00f1os y experiencias, dirigir la energ\u00eda de vida que emana a trav\u00e9s de m\u00ed y plasmarla en un medio tangible, en un medio compartido y abierto &hellip; <\/p>\n<p class=\"link-more\"><a href=\"https:\/\/alexis-suarez.com\/blog\/\" class=\"more-link\">Continue reading<span class=\"screen-reader-text\"> &#8220;Acerca del blog&#8230;&#8221;<\/span><\/a><\/p>\n","protected":false},"author":1,"featured_media":0,"parent":0,"menu_order":0,"comment_status":"closed","ping_status":"closed","template":"","meta":[],"_links":{"self":[{"href":"https:\/\/alexis-suarez.com\/blog\/index.php\/wp-json\/wp\/v2\/pages\/17"}],"collection":[{"href":"https:\/\/alexis-suarez.com\/blog\/index.php\/wp-json\/wp\/v2\/pages"}],"about":[{"href":"https:\/\/alexis-suarez.com\/blog\/index.php\/wp-json\/wp\/v2\/types\/page"}],"author":[{"embeddable":true,"href":"https:\/\/alexis-suarez.com\/blog\/index.php\/wp-json\/wp\/v2\/users\/1"}],"replies":[{"embeddable":true,"href":"https:\/\/alexis-suarez.com\/blog\/index.php\/wp-json\/wp\/v2\/comments?post=17"}],"version-history":[{"count":6,"href":"https:\/\/alexis-suarez.com\/blog\/index.php\/wp-json\/wp\/v2\/pages\/17\/revisions"}],"predecessor-version":[{"id":29,"href":"https:\/\/alexis-suarez.com\/blog\/index.php\/wp-json\/wp\/v2\/pages\/17\/revisions\/29"}],"wp:attachment":[{"href":"https:\/\/alexis-suarez.com\/blog\/index.php\/wp-json\/wp\/v2\/media?parent=17"}],"curies":[{"name":"wp","href":"https:\/\/api.w.org\/{rel}","templated":true}]}}